{"id":74,"date":"2024-07-06T22:16:20","date_gmt":"2024-07-06T22:16:20","guid":{"rendered":"https:\/\/laquintacesme.com\/?page_id=74"},"modified":"2026-01-11T02:04:04","modified_gmt":"2026-01-10T23:04:04","slug":"restoran-ve-bar","status":"publish","type":"page","link":"https:\/\/laquintacesme.com\/en\/restoran-ve-bar\/","title":{"rendered":"Restaurant &amp; Bar"},"content":{"rendered":"<div data-elementor-type=\"wp-page\" data-elementor-id=\"74\" class=\"elementor elementor-74\" data-elementor-settings=\"{&quot;element_pack_global_tooltip_width&quot;:{&quot;unit&quot;:&quot;px&quot;,&quot;size&quot;:&quot;&quot;,&quot;sizes&quot;:[]},&quot;element_pack_global_tooltip_width_tablet&quot;:{&quot;unit&quot;:&quot;px&quot;,&quot;size&quot;:&quot;&quot;,&quot;sizes&quot;:[]},&quot;element_pack_global_tooltip_width_mobile&quot;:{&quot;unit&quot;:&quot;px&quot;,&quot;size&quot;:&quot;&quot;,&quot;sizes&quot;:[]},&quot;element_pack_global_tooltip_padding&quot;:{&quot;unit&quot;:&quot;px&quot;,&quot;top&quot;:&quot;&quot;,&quot;right&quot;:&quot;&quot;,&quot;bottom&quot;:&quot;&quot;,&quot;left&quot;:&quot;&quot;,&quot;isLinked&quot;:true},&quot;element_pack_global_tooltip_padding_tablet&quot;:{&quot;unit&quot;:&quot;px&quot;,&quot;top&quot;:&quot;&quot;,&quot;right&quot;:&quot;&quot;,&quot;bottom&quot;:&quot;&quot;,&quot;left&quot;:&quot;&quot;,&quot;isLinked&quot;:true},&quot;element_pack_global_tooltip_padding_mobile&quot;:{&quot;unit&quot;:&quot;px&quot;,&quot;top&quot;:&quot;&quot;,&quot;right&quot;:&quot;&quot;,&quot;bottom&quot;:&quot;&quot;,&quot;left&quot;:&quot;&quot;,&quot;isLinked&quot;:true},&quot;element_pack_global_tooltip_border_radius&quot;:{&quot;unit&quot;:&quot;px&quot;,&quot;top&quot;:&quot;&quot;,&quot;right&quot;:&quot;&quot;,&quot;bottom&quot;:&quot;&quot;,&quot;left&quot;:&quot;&quot;,&quot;isLinked&quot;:true},&quot;element_pack_global_tooltip_border_radius_tablet&quot;:{&quot;unit&quot;:&quot;px&quot;,&quot;top&quot;:&quot;&quot;,&quot;right&quot;:&quot;&quot;,&quot;bottom&quot;:&quot;&quot;,&quot;left&quot;:&quot;&quot;,&quot;isLinked&quot;:true},&quot;element_pack_global_tooltip_border_radius_mobile&quot;:{&quot;unit&quot;:&quot;px&quot;,&quot;top&quot;:&quot;&quot;,&quot;right&quot;:&quot;&quot;,&quot;bottom&quot;:&quot;&quot;,&quot;left&quot;:&quot;&quot;,&quot;isLinked&quot;:true}}\">\n\t\t\t\t\t\t<div class=\"elementor-section elementor-top-section elementor-element elementor-element-6f2cd49 elementor-section-boxed elementor-section-height-default elementor-section-height-default elementor-invisible\" data-id=\"6f2cd49\" data-element_type=\"section\" data-settings=\"{&quot;background_background&quot;:&quot;classic&quot;,&quot;animation&quot;:&quot;fadeIn&quot;,&quot;animation_delay&quot;:300}\">\n\t\t\t\t\t\t<div class=\"elementor-container elementor-column-gap-default\">\n\t\t\t\t\t<div class=\"elementor-column elementor-col-100 elementor-top-column elementor-element elementor-element-04db9e0\" data-id=\"04db9e0\" data-element_type=\"column\">\n\t\t\t<div class=\"elementor-widget-wrap elementor-element-populated\">\n\t\t\t\t\t\t<section class=\"elementor-section elementor-inner-section elementor-element elementor-element-6986f80 elementor-section-boxed elementor-section-height-default elementor-section-height-default\" data-id=\"6986f80\" data-element_type=\"section\">\n\t\t\t\t\t\t<div class=\"elementor-container elementor-column-gap-default\">\n\t\t\t\t\t<div class=\"elementor-column elementor-col-50 elementor-inner-column elementor-element elementor-element-bfe191a\" data-id=\"bfe191a\" data-element_type=\"column\">\n\t\t\t<div class=\"elementor-widget-wrap elementor-element-populated\">\n\t\t\t\t\t\t<div class=\"elementor-element elementor-element-1095198 elementor-widget elementor-widget-heading\" data-id=\"1095198\" data-element_type=\"widget\" data-widget_type=\"heading.default\">\n\t\t\t\t<div class=\"elementor-widget-container\">\n\t\t\t<style>\/*! elementor - v3.23.0 - 05-08-2024 *\/\n.elementor-heading-title{padding:0;margin:0;line-height:1}.elementor-widget-heading .elementor-heading-title[class*=elementor-size-]>a{color:inherit;font-size:inherit;line-height:inherit}.elementor-widget-heading .elementor-heading-title.elementor-size-small{font-size:15px}.elementor-widget-heading .elementor-heading-title.elementor-size-medium{font-size:19px}.elementor-widget-heading .elementor-heading-title.elementor-size-large{font-size:29px}.elementor-widget-heading .elementor-heading-title.elementor-size-xl{font-size:39px}.elementor-widget-heading .elementor-heading-title.elementor-size-xxl{font-size:59px}<\/style><h2 class=\"elementor-heading-title elementor-size-default\">Restaurant &amp; Bar<\/h2>\t\t<\/div>\n\t\t\t\t<\/div>\n\t\t\t\t\t<\/div>\n\t\t<\/div>\n\t\t\t\t<div class=\"elementor-column elementor-col-50 elementor-inner-column elementor-element elementor-element-3496c33\" data-id=\"3496c33\" data-element_type=\"column\">\n\t\t\t<div class=\"elementor-widget-wrap elementor-element-populated\">\n\t\t\t\t\t\t<div class=\"elementor-element elementor-element-58b9baf elementor-widget__width-initial elementor-widget-tablet__width-inherit elementor-widget-mobile__width-inherit elementor-widget elementor-widget-text-editor\" data-id=\"58b9baf\" data-element_type=\"widget\" data-widget_type=\"text-editor.default\">\n\t\t\t\t<div class=\"elementor-widget-container\">\n\t\t\t<style>\/*! elementor - v3.23.0 - 05-08-2024 *\/\n.elementor-widget-text-editor.elementor-drop-cap-view-stacked .elementor-drop-cap{background-color:#69727d;color:#fff}.elementor-widget-text-editor.elementor-drop-cap-view-framed .elementor-drop-cap{color:#69727d;border:3px solid;background-color:transparent}.elementor-widget-text-editor:not(.elementor-drop-cap-view-default) .elementor-drop-cap{margin-top:8px}.elementor-widget-text-editor:not(.elementor-drop-cap-view-default) .elementor-drop-cap-letter{width:1em;height:1em}.elementor-widget-text-editor .elementor-drop-cap{float:left;text-align:center;line-height:1;font-size:50px}.elementor-widget-text-editor .elementor-drop-cap-letter{display:inline-block}<\/style>\t\t\t\t<p>Enjoy free meals and drinks throughout your vacation!<\/p>\t\t\t\t\t\t<\/div>\n\t\t\t\t<\/div>\n\t\t\t\t\t<\/div>\n\t\t<\/div>\n\t\t\t\t\t<\/div>\n\t\t<\/section>\n\t\t\t\t\t<\/div>\n\t\t<\/div>\n\t\t\t\t\t<\/div>\n\t\t<\/div>\n\t\t\t\t<div class=\"elementor-section elementor-top-section elementor-element elementor-element-b58ef12 elementor-section-boxed elementor-section-height-default elementor-section-height-default\" data-id=\"b58ef12\" data-element_type=\"section\">\n\t\t\t\t\t\t<div class=\"elementor-container elementor-column-gap-default\">\n\t\t\t\t\t<div class=\"elementor-column elementor-col-100 elementor-top-column elementor-element elementor-element-5f38e35\" data-id=\"5f38e35\" data-element_type=\"column\">\n\t\t\t<div class=\"elementor-widget-wrap elementor-element-populated\">\n\t\t\t\t\t\t<section class=\"elementor-section elementor-inner-section elementor-element elementor-element-e318d92 elementor-section-boxed elementor-section-height-default elementor-section-height-default\" data-id=\"e318d92\" data-element_type=\"section\">\n\t\t\t\t\t\t<div class=\"elementor-container elementor-column-gap-default\">\n\t\t\t\t\t<div class=\"elementor-column elementor-col-33 elementor-inner-column elementor-element elementor-element-761e579 elementor-invisible\" data-id=\"761e579\" data-element_type=\"column\" data-settings=\"{&quot;animation&quot;:&quot;fadeInUp&quot;,&quot;animation_delay&quot;:&quot;300&quot;}\">\n\t\t\t<div class=\"elementor-widget-wrap elementor-element-populated\">\n\t\t\t\t\t\t<div class=\"elementor-element elementor-element-ffcc74d elementor-widget elementor-widget-image\" data-id=\"ffcc74d\" data-element_type=\"widget\" data-widget_type=\"image.default\">\n\t\t\t\t<div class=\"elementor-widget-container\">\n\t\t\t<style>\/*! elementor - v3.23.0 - 05-08-2024 *\/\n.elementor-widget-image{text-align:center}.elementor-widget-image a{display:inline-block}.elementor-widget-image a img[src$=\".svg\"]{width:48px}.elementor-widget-image img{vertical-align:middle;display:inline-block}<\/style>\t\t\t\t\t\t\t\t\t\t<img fetchpriority=\"high\" decoding=\"async\" width=\"1280\" height=\"853\" src=\"https:\/\/laquintacesme.com\/wp-content\/uploads\/2024\/07\/la-quinta-by-wyndham-cesme-galeri-12.jpg\" class=\"attachment-full size-full wp-image-135\" alt=\"\" srcset=\"https:\/\/laquintacesme.com\/wp-content\/uploads\/2024\/07\/la-quinta-by-wyndham-cesme-galeri-12.jpg 1280w, https:\/\/laquintacesme.com\/wp-content\/uploads\/2024\/07\/la-quinta-by-wyndham-cesme-galeri-12-300x200.jpg 300w, https:\/\/laquintacesme.com\/wp-content\/uploads\/2024\/07\/la-quinta-by-wyndham-cesme-galeri-12-1024x682.jpg 1024w, https:\/\/laquintacesme.com\/wp-content\/uploads\/2024\/07\/la-quinta-by-wyndham-cesme-galeri-12-768x512.jpg 768w, https:\/\/laquintacesme.com\/wp-content\/uploads\/2024\/07\/la-quinta-by-wyndham-cesme-galeri-12-650x433.jpg 650w\" sizes=\"(max-width: 1280px) 100vw, 1280px\" \/>\t\t\t\t\t\t\t\t\t\t\t\t\t<\/div>\n\t\t\t\t<\/div>\n\t\t\t\t<div class=\"elementor-element elementor-element-77a88ff elementor-widget elementor-widget-heading\" data-id=\"77a88ff\" data-element_type=\"widget\" data-widget_type=\"heading.default\">\n\t\t\t\t<div class=\"elementor-widget-container\">\n\t\t\t<h3 class=\"elementor-heading-title elementor-size-default\">Cocktail<\/h3>\t\t<\/div>\n\t\t\t\t<\/div>\n\t\t\t\t\t<\/div>\n\t\t<\/div>\n\t\t\t\t<div class=\"elementor-column elementor-col-33 elementor-inner-column elementor-element elementor-element-649a77d elementor-invisible\" data-id=\"649a77d\" data-element_type=\"column\" data-settings=\"{&quot;animation&quot;:&quot;fadeInUp&quot;,&quot;animation_delay&quot;:&quot;300&quot;}\">\n\t\t\t<div class=\"elementor-widget-wrap elementor-element-populated\">\n\t\t\t\t\t\t<div class=\"elementor-element elementor-element-4cbdb6b elementor-widget elementor-widget-image\" data-id=\"4cbdb6b\" data-element_type=\"widget\" data-widget_type=\"image.default\">\n\t\t\t\t<div class=\"elementor-widget-container\">\n\t\t\t\t\t\t\t\t\t\t\t\t\t<img decoding=\"async\" width=\"604\" height=\"827\" src=\"https:\/\/laquintacesme.com\/wp-content\/uploads\/2024\/07\/la-quinta-by-wyndham-cesme-gastronomi-02.jpg\" class=\"attachment-full size-full wp-image-363\" alt=\"\" srcset=\"https:\/\/laquintacesme.com\/wp-content\/uploads\/2024\/07\/la-quinta-by-wyndham-cesme-gastronomi-02.jpg 604w, https:\/\/laquintacesme.com\/wp-content\/uploads\/2024\/07\/la-quinta-by-wyndham-cesme-gastronomi-02-219x300.jpg 219w, https:\/\/laquintacesme.com\/wp-content\/uploads\/2024\/07\/la-quinta-by-wyndham-cesme-gastronomi-02-475x650.jpg 475w\" sizes=\"(max-width: 604px) 100vw, 604px\" \/>\t\t\t\t\t\t\t\t\t\t\t\t\t<\/div>\n\t\t\t\t<\/div>\n\t\t\t\t<div class=\"elementor-element elementor-element-d6ad75f elementor-widget elementor-widget-heading\" data-id=\"d6ad75f\" data-element_type=\"widget\" data-widget_type=\"heading.default\">\n\t\t\t\t<div class=\"elementor-widget-container\">\n\t\t\t<h3 class=\"elementor-heading-title elementor-size-default\">Starters<\/h3>\t\t<\/div>\n\t\t\t\t<\/div>\n\t\t\t\t\t<\/div>\n\t\t<\/div>\n\t\t\t\t<div class=\"elementor-column elementor-col-33 elementor-inner-column elementor-element elementor-element-c67a18b elementor-invisible\" data-id=\"c67a18b\" data-element_type=\"column\" data-settings=\"{&quot;animation&quot;:&quot;fadeInUp&quot;,&quot;animation_delay&quot;:&quot;300&quot;}\">\n\t\t\t<div class=\"elementor-widget-wrap elementor-element-populated\">\n\t\t\t\t\t\t<div class=\"elementor-element elementor-element-c72017a elementor-widget elementor-widget-image\" data-id=\"c72017a\" data-element_type=\"widget\" data-widget_type=\"image.default\">\n\t\t\t\t<div class=\"elementor-widget-container\">\n\t\t\t\t\t\t\t\t\t\t\t\t\t<img decoding=\"async\" width=\"604\" height=\"827\" src=\"https:\/\/laquintacesme.com\/wp-content\/uploads\/2024\/07\/la-quinta-by-wyndham-cesme-gastronomi-01.jpg\" class=\"attachment-full size-full wp-image-362\" alt=\"\" srcset=\"https:\/\/laquintacesme.com\/wp-content\/uploads\/2024\/07\/la-quinta-by-wyndham-cesme-gastronomi-01.jpg 604w, https:\/\/laquintacesme.com\/wp-content\/uploads\/2024\/07\/la-quinta-by-wyndham-cesme-gastronomi-01-219x300.jpg 219w, https:\/\/laquintacesme.com\/wp-content\/uploads\/2024\/07\/la-quinta-by-wyndham-cesme-gastronomi-01-475x650.jpg 475w\" sizes=\"(max-width: 604px) 100vw, 604px\" \/>\t\t\t\t\t\t\t\t\t\t\t\t\t<\/div>\n\t\t\t\t<\/div>\n\t\t\t\t<div class=\"elementor-element elementor-element-fb47cbf elementor-widget elementor-widget-heading\" data-id=\"fb47cbf\" data-element_type=\"widget\" data-widget_type=\"heading.default\">\n\t\t\t\t<div class=\"elementor-widget-container\">\n\t\t\t<h3 class=\"elementor-heading-title elementor-size-default\">Main Course<\/h3>\t\t<\/div>\n\t\t\t\t<\/div>\n\t\t\t\t\t<\/div>\n\t\t<\/div>\n\t\t\t\t\t<\/div>\n\t\t<\/section>\n\t\t\t\t<div class=\"elementor-element elementor-element-1306985 elementor-invisible elementor-widget elementor-widget-heading\" data-id=\"1306985\" data-element_type=\"widget\" data-settings=\"{&quot;_animation&quot;:&quot;fadeInUp&quot;,&quot;_animation_delay&quot;:&quot;200&quot;}\" data-widget_type=\"heading.default\">\n\t\t\t\t<div class=\"elementor-widget-container\">\n\t\t\t<h2 class=\"elementor-heading-title elementor-size-default\">A Dream Vacation at La Quinta: All-Inclusive Comfort<\/h2>\t\t<\/div>\n\t\t\t\t<\/div>\n\t\t\t\t<div class=\"elementor-element elementor-element-4467495 elementor-invisible elementor-widget elementor-widget-text-editor\" data-id=\"4467495\" data-element_type=\"widget\" data-settings=\"{&quot;_animation&quot;:&quot;fadeInUp&quot;,&quot;_animation_delay&quot;:&quot;300&quot;}\" data-widget_type=\"text-editor.default\">\n\t\t\t\t<div class=\"elementor-widget-container\">\n\t\t\t\t\t\t\t<p>Sabah, \u00f6\u011fle ve ak\u015fam a\u00e7\u0131k b\u00fcfe yemeklerimizle doyas\u0131ya lezzetin tad\u0131n\u0131 \u00e7\u0131kar\u0131n.<\/p>\t\t\t\t\t\t<\/div>\n\t\t\t\t<\/div>\n\t\t\t\t<div class=\"elementor-element elementor-element-136d0e8  ui-split-animate ui-splitby-chars elementor-widget elementor-widget-heading\" data-id=\"136d0e8\" data-element_type=\"widget\" data-settings=\"{&quot;ui_animate_split&quot;:&quot;ui-split-animate&quot;,&quot;ui_animate_split_style&quot;:&quot;fadeIn&quot;,&quot;ui_animate_split_by&quot;:&quot;chars&quot;}\" data-widget_type=\"heading.default\">\n\t\t\t\t<div class=\"elementor-widget-container\">\n\t\t\t<h5 class=\"elementor-heading-title elementor-size-default\">Information<\/h5>\t\t<\/div>\n\t\t\t\t<\/div>\n\t\t\t\t<div class=\"elementor-element elementor-element-dc96431 ui-e-animation-ico-slide ui-e-animation-acc-basic elementor-invisible elementor-widget elementor-widget-uicore-accordion\" data-id=\"dc96431\" data-element_type=\"widget\" data-settings=\"{&quot;_animation&quot;:&quot;fadeInUp&quot;,&quot;_animation_delay&quot;:&quot;400&quot;,&quot;collapsible&quot;:&quot;true&quot;,&quot;active_hash&quot;:&quot;no&quot;,&quot;accordion_animation&quot;:&quot;ui-e-animation-acc-basic&quot;}\" data-widget_type=\"uicore-accordion.default\">\n\t\t\t\t<div class=\"elementor-widget-container\">\n\t\t\t            <div class=\"ui-e-accordion\" >\n\n                                    <div class=\"ui-e-item\" role=\"button\" tabindex=\"0\" aria-expanded=\"false\" aria-controls=\"ui-e-acc-1\" id=\"ui-e-gastronomi-olanaklari\">\n\n                        <h5  class=\"ui-e-title ui-right\">\n\n                                                            <span class=\"ui-e-icon ui-e-right\" aria-hidden=\"true\">\n\n                                    <span class=\"ui-e-icon-closed\">\n                                        <i aria-hidden=\"true\" class=\"ti ti-arrow-right\"><\/i>                                    <\/span>\n\n                                                                            <span class=\"ui-e-icon-opened\">\n                                            <i aria-hidden=\"true\" class=\"ti ti-arrow-right\"><\/i>                                        <\/span>\n                                    \n                                <\/span>\n                            \n                            <span class=\"ui-e-title-text\" >\n                                                                Gastronomy                            <\/span>\n\n                        <\/h5>\n\n                        <div class=\"ui-e-content\" style=\"display:none;\" aria-labelledby=\"ui-e-gastronomi-olanaklari\" id=\"ui-e-acc-1\">\n                            <p>Her \u015fey dahil konaklamalarda yerli alkoll\u00fc i\u00e7ecekler d\u0131\u015f\u0131nda t\u00fcm alkoll\u00fc i\u00e7ecekler<br \/>\u00fccretlidir.<br \/>Restoranlar<br \/>Ana restroan,<br \/>Pool Bar,<br \/>Snack Cafe Bar<\/p>                        <\/div>\n\n                    <\/div>\n                                    <div class=\"ui-e-item\" role=\"button\" tabindex=\"0\" aria-expanded=\"false\" aria-controls=\"ui-e-acc-2\" id=\"ui-e-hizmet-saatleri\">\n\n                        <h5  class=\"ui-e-title ui-right\">\n\n                                                            <span class=\"ui-e-icon ui-e-right\" aria-hidden=\"true\">\n\n                                    <span class=\"ui-e-icon-closed\">\n                                        <i aria-hidden=\"true\" class=\"ti ti-arrow-right\"><\/i>                                    <\/span>\n\n                                                                            <span class=\"ui-e-icon-opened\">\n                                            <i aria-hidden=\"true\" class=\"ti ti-arrow-right\"><\/i>                                        <\/span>\n                                    \n                                <\/span>\n                            \n                            <span class=\"ui-e-title-text\" >\n                                                                Service Hours                            <\/span>\n\n                        <\/h5>\n\n                        <div class=\"ui-e-content\" style=\"display:none;\" aria-labelledby=\"ui-e-hizmet-saatleri\" id=\"ui-e-acc-2\">\n                            &nbsp;\n<table class=\"schedule-table\">\n    <thead>\n        <tr>\n            <th>Hours<\/th>\n            <th>Service<\/th>\n        <\/tr>\n    <\/thead>\n    <tbody>\n        <tr>\n            <td>08.00 &#8211; 10.00<\/td>\n            <td>Breakfast<\/td>\n        <\/tr>\n        <tr>\n            <td>10.00 &#8211; 10.30<\/td>\n            <td>Late Breakfast<\/td>\n        <\/tr>\n        <tr>\n            <td>10.00 &#8211; 23.00<\/td>\n            <td>\n                Pool Bar<br>\n                <small>(Yabanc\u0131 Alkoll\u00fc \u0130\u00e7ecekler \u00dccretlidir)<\/small>\n            <\/td>\n        <\/tr>\n        <tr>\n            <td>12.30 &#8211; 14.00<\/td>\n            <td>\n                \u00d6\u011fle Yeme\u011fi<br>\n                <small>(So\u011fuk Kahveler \u00dccretlidir)<\/small>\n            <\/td>\n        <\/tr>\n        <tr>\n            <td>13.00 &#8211; 17.00<\/td>\n            <td>\n                Snack \u0130kramlar\u0131<br>\n                <small>(Press Portakal Suyu \u00dccretlidir)<\/small>\n            <\/td>\n        <\/tr>\n        <tr>\n            <td>19.00 &#8211; 21.00<\/td>\n            <td>Dinner<\/td>\n        <\/tr>\n        <tr>\n            <td>23.00 &#8211; 00.00<\/td>\n            <td>Pool Bar <small>(\u00dccretli)<\/small><\/td>\n        <\/tr>\n        <tr>\n            <td>&#8211;<\/td>\n            <td>T\u00fcrk Kahvesi <small>(\u00dccretli)<\/small><\/td>\n        <\/tr>\n    <\/tbody>\n<\/table>\n\n<style>\n    .schedule-table {\n        width: 100%;\n        margin: auto;\n        border-collapse: collapse;\n        overflow: hidden;\n        border-radius: 20px;\n        box-shadow: 0 4px 8px rgba(0,0,0,0.1);\n        background-color: white;\n    }\n    .schedule-table th,\n    .schedule-table td {\n        padding: 15px;\n        text-align: left;\n        vertical-align: top;\n    }\n    .schedule-table th {\n        background-color: #0D160E;\n        color: white;\n    }\n    .schedule-table tr:nth-child(even) {\n        background-color: #f7f7f7;\n    }\n    .schedule-table small {\n        display: block;\n        color: #777;\n        margin-top: 4px;\n        font-size: 12px;\n    }\n    @media (max-width: 768px) {\n        .schedule-table th,\n        .schedule-table td {\n            padding: 10px;\n        }\n    }\n<\/style>\n                        <\/div>\n\n                    <\/div>\n                            <\/div>\n        \t\t<\/div>\n\t\t\t\t<\/div>\n\t\t\t\t\t<\/div>\n\t\t<\/div>\n\t\t\t\t\t<\/div>\n\t\t<\/div>\n\t\t<div class=\"elementor-element elementor-element-7444aba e-flex e-con-boxed e-con e-parent\" data-id=\"7444aba\" data-element_type=\"container\">\n\t\t\t\t\t<div class=\"e-con-inner\">\n\t\t\t\t\t<\/div>\n\t\t\t\t<\/div>\n\t\t\t\t<\/div>","protected":false},"excerpt":{"rendered":"<p>Restoran &#038; Bar Tatiliniz boyunca \u00fccretsiz yemekler ve i\u00e7eceklerle keyfinize bak\u0131n! Kokteyl Ba\u015flang\u0131\u00e7 Ana Yemek La Quinta&#8217;da R\u00fcya Gibi Bir Tatil: Her \u015eey Dahil Konfor Sabah, \u00f6\u011fle ve ak\u015fam a\u00e7\u0131k b\u00fcfe yemeklerimizle doyas\u0131ya lezzetin tad\u0131n\u0131 \u00e7\u0131kar\u0131n. Bilgilendirme Gastronomi Olanaklar\u0131 Her \u015fey dahil konaklamalarda yerli alkoll\u00fc i\u00e7ecekler d\u0131\u015f\u0131nda t\u00fcm alkoll\u00fc i\u00e7ecekler\u00fccretlidir.RestoranlarAna restroan,Pool Bar,Snack Cafe Bar Hizmet [&hellip;]<\/p>","protected":false},"author":2,"featured_media":0,"parent":0,"menu_order":0,"comment_status":"closed","ping_status":"closed","template":"","meta":{"footnotes":""},"class_list":["post-74","page","type-page","status-publish","hentry"],"_links":{"self":[{"href":"https:\/\/laquintacesme.com\/en\/wp-json\/wp\/v2\/pages\/74","targetHints":{"allow":["GET"]}}],"collection":[{"href":"https:\/\/laquintacesme.com\/en\/wp-json\/wp\/v2\/pages"}],"about":[{"href":"https:\/\/laquintacesme.com\/en\/wp-json\/wp\/v2\/types\/page"}],"author":[{"embeddable":true,"href":"https:\/\/laquintacesme.com\/en\/wp-json\/wp\/v2\/users\/2"}],"replies":[{"embeddable":true,"href":"https:\/\/laquintacesme.com\/en\/wp-json\/wp\/v2\/comments?post=74"}],"version-history":[{"count":46,"href":"https:\/\/laquintacesme.com\/en\/wp-json\/wp\/v2\/pages\/74\/revisions"}],"predecessor-version":[{"id":1551,"href":"https:\/\/laquintacesme.com\/en\/wp-json\/wp\/v2\/pages\/74\/revisions\/1551"}],"wp:attachment":[{"href":"https:\/\/laquintacesme.com\/en\/wp-json\/wp\/v2\/media?parent=74"}],"curies":[{"name":"wp","href":"https:\/\/api.w.org\/{rel}","templated":true}]}}